{"id":79,"date":"2023-04-14T16:53:16","date_gmt":"2023-04-14T14:53:16","guid":{"rendered":"https:\/\/metafacility.it\/?page_id=79"},"modified":"2023-09-11T16:28:57","modified_gmt":"2023-09-11T14:28:57","slug":"mission","status":"publish","type":"page","link":"https:\/\/metafacility.it\/index.php\/mission\/","title":{"rendered":"Mission"},"content":{"rendered":"\t\t<div data-elementor-type=\"wp-page\" data-elementor-id=\"79\" class=\"elementor elementor-79\">\n\t\t\t\t\t\t\t\t\t<section class=\"elementor-section elementor-top-section elementor-element elementor-element-d9f740b elementor-section-boxed elementor-section-height-default elementor-section-height-default\" data-id=\"d9f740b\" data-element_type=\"section\">\n\t\t\t\t\t\t<div class=\"elementor-container elementor-column-gap-default\">\n\t\t\t\t\t<div class=\"elementor-column elementor-col-100 elementor-top-column elementor-element elementor-element-591de78\" data-id=\"591de78\" data-element_type=\"column\">\n\t\t\t<div class=\"elementor-widget-wrap elementor-element-populated\">\n\t\t\t\t\t\t\t\t<div class=\"elementor-element elementor-element-7275042 elementor-widget elementor-widget-spacer\" data-id=\"7275042\" data-element_type=\"widget\" data-widget_type=\"spacer.default\">\n\t\t\t\t<div class=\"elementor-widget-container\">\n\t\t\t<style>\/*! elementor - v3.8.1 - 13-11-2022 *\/\n.elementor-column .elementor-spacer-inner{height:var(--spacer-size)}.e-con{--container-widget-width:100%}.e-con-inner>.elementor-widget-spacer,.e-con>.elementor-widget-spacer{width:var(--container-widget-width,var(--spacer-size));-ms-flex-item-align:stretch;align-self:stretch;-ms-flex-negative:0;flex-shrink:0}.e-con-inner>.elementor-widget-spacer>.elementor-widget-container,.e-con-inner>.elementor-widget-spacer>.elementor-widget-container>.elementor-spacer,.e-con>.elementor-widget-spacer>.elementor-widget-container,.e-con>.elementor-widget-spacer>.elementor-widget-container>.elementor-spacer{height:100%}.e-con-inner>.elementor-widget-spacer>.elementor-widget-container>.elementor-spacer>.elementor-spacer-inner,.e-con>.elementor-widget-spacer>.elementor-widget-container>.elementor-spacer>.elementor-spacer-inner{height:var(--container-widget-height,var(--spacer-size))}<\/style>\t\t<div class=\"elementor-spacer\">\n\t\t\t<div class=\"elementor-spacer-inner\"><\/div>\n\t\t<\/div>\n\t\t\t\t<\/div>\n\t\t\t\t<\/div>\n\t\t\t\t<div class=\"elementor-element elementor-element-168bfc1 elementor-widget elementor-widget-image\" data-id=\"168bfc1\" data-element_type=\"widget\" data-widget_type=\"image.default\">\n\t\t\t\t<div class=\"elementor-widget-container\">\n\t\t\t<style>\/*! elementor - v3.8.1 - 13-11-2022 *\/\n.elementor-widget-image{text-align:center}.elementor-widget-image a{display:inline-block}.elementor-widget-image a img[src$=\".svg\"]{width:48px}.elementor-widget-image img{vertical-align:middle;display:inline-block}<\/style>\t\t\t\t\t\t\t\t\t\t\t\t<img decoding=\"async\" src=\"https:\/\/metafacility.it\/wp-content\/uploads\/elementor\/thumbs\/cyclists-cropped-q509g2m8psddviqki0kb2ncyx1u4rlzhsmpkmad9jc.jpg\" title=\"cyclists-cropped\" alt=\"cyclists-cropped\" \/>\t\t\t\t\t\t\t\t\t\t\t\t\t\t\t<\/div>\n\t\t\t\t<\/div>\n\t\t\t\t<div class=\"elementor-element elementor-element-9ac54ae elementor-widget elementor-widget-spacer\" data-id=\"9ac54ae\" data-element_type=\"widget\" data-widget_type=\"spacer.default\">\n\t\t\t\t<div class=\"elementor-widget-container\">\n\t\t\t\t\t<div class=\"elementor-spacer\">\n\t\t\t<div class=\"elementor-spacer-inner\"><\/div>\n\t\t<\/div>\n\t\t\t\t<\/div>\n\t\t\t\t<\/div>\n\t\t\t\t<div class=\"elementor-element elementor-element-cc094fe elementor-widget elementor-widget-heading\" data-id=\"cc094fe\" data-element_type=\"widget\" data-widget_type=\"heading.default\">\n\t\t\t\t<div class=\"elementor-widget-container\">\n\t\t\t<style>\/*! elementor - v3.8.1 - 13-11-2022 *\/\n.elementor-heading-title{padding:0;margin:0;line-height:1}.elementor-widget-heading .elementor-heading-title[class*=elementor-size-]>a{color:inherit;font-size:inherit;line-height:inherit}.elementor-widget-heading .elementor-heading-title.elementor-size-small{font-size:15px}.elementor-widget-heading .elementor-heading-title.elementor-size-medium{font-size:19px}.elementor-widget-heading .elementor-heading-title.elementor-size-large{font-size:29px}.elementor-widget-heading .elementor-heading-title.elementor-size-xl{font-size:39px}.elementor-widget-heading .elementor-heading-title.elementor-size-xxl{font-size:59px}<\/style><h1 class=\"elementor-heading-title elementor-size-default\">Mission<\/h1>\t\t<\/div>\n\t\t\t\t<\/div>\n\t\t\t\t<div class=\"elementor-element elementor-element-924477b elementor-widget elementor-widget-spacer\" data-id=\"924477b\" data-element_type=\"widget\" data-widget_type=\"spacer.default\">\n\t\t\t\t<div class=\"elementor-widget-container\">\n\t\t\t\t\t<div class=\"elementor-spacer\">\n\t\t\t<div class=\"elementor-spacer-inner\"><\/div>\n\t\t<\/div>\n\t\t\t\t<\/div>\n\t\t\t\t<\/div>\n\t\t\t\t<div class=\"elementor-element elementor-element-74ef37f elementor-widget elementor-widget-text-editor\" data-id=\"74ef37f\" data-element_type=\"widget\" data-widget_type=\"text-editor.default\">\n\t\t\t\t<div class=\"elementor-widget-container\">\n\t\t\t<style>\/*! elementor - v3.8.1 - 13-11-2022 *\/\n.elementor-widget-text-editor.elementor-drop-cap-view-stacked .elementor-drop-cap{background-color:#818a91;color:#fff}.elementor-widget-text-editor.elementor-drop-cap-view-framed .elementor-drop-cap{color:#818a91;border:3px solid;background-color:transparent}.elementor-widget-text-editor:not(.elementor-drop-cap-view-default) .elementor-drop-cap{margin-top:8px}.elementor-widget-text-editor:not(.elementor-drop-cap-view-default) .elementor-drop-cap-letter{width:1em;height:1em}.elementor-widget-text-editor .elementor-drop-cap{float:left;text-align:center;line-height:1;font-size:50px}.elementor-widget-text-editor .elementor-drop-cap-letter{display:inline-block}<\/style>\t\t\t\t<p>Abbiamo creato la nostra rete di impresa nel <b>2014&nbsp;<\/b>per accrescere la capacit\u00e0 innovativa e la competitivit\u00e0 delle aziende aderenti.<br>Le nostre imprese in rete creano sinergie funzionali collaborando tra loro in ambiti aderenti alle rispettive attivit\u00e0, scambiano informazioni e prestazioni in modo da massimizzare l\u2019utilit\u00e0 degli investimenti in risorse e know-how, anche tenendo conto delle rispettive competenze territoriali, ed esercitano attivit\u00e0 in comune.<\/p>\n<p>Nel giro di pochi anni ci siamo affermati in ambito nazionale acquisendo clienti sia nel settore pubblico che in quello privato. La nostra politica di management \u00e8 alla base di questo trend di crescita costante sempre orientata verso la massima soddisfazione del cliente, che sa di poter contare ogni giorno su un valido supporto nella gestione della propria attivit\u00e0.<\/p>\n<p><b>La forza della nostra rete sta nell\u2019adeguarsi al continuo cambiamento del mercato, interpretandone tempestivamente istanze e trasformazioni per rispondere nelle modalit\u00e0 pi\u00f9 efficaci.<\/b><\/p>\n<p>La ricerca condivisa di nuove tecnologie, l\u2019informatizzazione personalizzata dei processi, l\u2019attento coordinamento dei servizi e la puntuale formazione del personale sono caratteristiche che ogni singola impresa mette a fattor comune nella rete per progettare, l\u2019eseguire e controllare le attivit\u00e0.<\/p>\n<p><b>Il nostro obiettivo di rete d\u2019impresa \u00e8 quello di essere protagonisti nel mondo dei servizi con professionalit\u00e0 ed etica, mettendo al centro i clienti e la collettivit\u00e0, valorizzando le competenze e le aspirazioni dei lavoratori, nel rispetto delle regole e della sostenibilit\u00e0.<\/b><\/p>\t\t\t\t\t\t<\/div>\n\t\t\t\t<\/div>\n\t\t\t\t<div class=\"elementor-element elementor-element-3643265 elementor-widget elementor-widget-spacer\" data-id=\"3643265\" data-element_type=\"widget\" data-widget_type=\"spacer.default\">\n\t\t\t\t<div class=\"elementor-widget-container\">\n\t\t\t\t\t<div class=\"elementor-spacer\">\n\t\t\t<div class=\"elementor-spacer-inner\"><\/div>\n\t\t<\/div>\n\t\t\t\t<\/div>\n\t\t\t\t<\/div>\n\t\t\t\t\t<\/div>\n\t\t<\/div>\n\t\t\t\t\t\t\t<\/div>\n\t\t<\/section>\n\t\t\t\t<section class=\"elementor-section elementor-top-section elementor-element elementor-element-6fdc32e elementor-section-boxed elementor-section-height-default elementor-section-height-default\" data-id=\"6fdc32e\" data-element_type=\"section\">\n\t\t\t\t\t\t<div class=\"elementor-container elementor-column-gap-default\">\n\t\t\t\t\t<div class=\"elementor-column elementor-col-100 elementor-top-column elementor-element elementor-element-edd8e9e\" data-id=\"edd8e9e\" data-element_type=\"column\">\n\t\t\t<div class=\"elementor-widget-wrap elementor-element-populated\">\n\t\t\t\t\t\t\t\t<div class=\"elementor-element elementor-element-feb794d elementor-widget elementor-widget-spacer\" data-id=\"feb794d\" data-element_type=\"widget\" data-widget_type=\"spacer.default\">\n\t\t\t\t<div class=\"elementor-widget-container\">\n\t\t\t\t\t<div class=\"elementor-spacer\">\n\t\t\t<div class=\"elementor-spacer-inner\"><\/div>\n\t\t<\/div>\n\t\t\t\t<\/div>\n\t\t\t\t<\/div>\n\t\t\t\t\t<\/div>\n\t\t<\/div>\n\t\t\t\t\t\t\t<\/div>\n\t\t<\/section>\n\t\t\t\t\t\t\t<\/div>\n\t\t","protected":false},"excerpt":{"rendered":"<p>Mission Abbiamo creato la nostra rete di impresa nel 2014&nbsp;per accrescere la capacit\u00e0 innovativa e la competitivit\u00e0 delle aziende aderenti.Le nostre imprese in rete creano sinergie funzionali collaborando tra loro in ambiti aderenti alle rispettive attivit\u00e0, scambiano informazioni e prestazioni in modo da massimizzare l\u2019utilit\u00e0 degli investimenti in risorse e know-how, anche tenendo conto delle &hellip;<\/p>\n<p class=\"read-more\"> <a class=\"\" href=\"https:\/\/metafacility.it\/index.php\/mission\/\"> <span class=\"screen-reader-text\">Mission<\/span> Leggi altro &raquo;<\/a><\/p>\n","protected":false},"author":1,"featured_media":0,"parent":0,"menu_order":0,"comment_status":"closed","ping_status":"closed","template":"","meta":{"site-sidebar-layout":"no-sidebar","site-content-layout":"page-builder","ast-global-header-display":"","ast-main-header-display":"","ast-hfb-above-header-display":"","ast-hfb-below-header-display":"","ast-hfb-mobile-header-display":"","site-post-title":"disabled","ast-breadcrumbs-content":"","ast-featured-img":"disabled","footer-sml-layout":"","theme-transparent-header-meta":"","adv-header-id-meta":"","stick-header-meta":"","header-above-stick-meta":"","header-main-stick-meta":"","header-below-stick-meta":"","footnotes":""},"_links":{"self":[{"href":"https:\/\/metafacility.it\/index.php\/wp-json\/wp\/v2\/pages\/79"}],"collection":[{"href":"https:\/\/metafacility.it\/index.php\/wp-json\/wp\/v2\/pages"}],"about":[{"href":"https:\/\/metafacility.it\/index.php\/wp-json\/wp\/v2\/types\/page"}],"author":[{"embeddable":true,"href":"https:\/\/metafacility.it\/index.php\/wp-json\/wp\/v2\/users\/1"}],"replies":[{"embeddable":true,"href":"https:\/\/metafacility.it\/index.php\/wp-json\/wp\/v2\/comments?post=79"}],"version-history":[{"count":25,"href":"https:\/\/metafacility.it\/index.php\/wp-json\/wp\/v2\/pages\/79\/revisions"}],"predecessor-version":[{"id":297,"href":"https:\/\/metafacility.it\/index.php\/wp-json\/wp\/v2\/pages\/79\/revisions\/297"}],"wp:attachment":[{"href":"https:\/\/metafacility.it\/index.php\/wp-json\/wp\/v2\/media?parent=79"}],"curies":[{"name":"wp","href":"https:\/\/api.w.org\/{rel}","templated":true}]}}